{"id":486,"date":"2025-09-02T12:13:45","date_gmt":"2025-09-02T12:13:45","guid":{"rendered":"https:\/\/austrianemirates-consulting.com\/?page_id=486"},"modified":"2025-09-17T12:46:05","modified_gmt":"2025-09-17T12:46:05","slug":"datenschutz","status":"publish","type":"page","link":"https:\/\/austrianemirates-consulting.com\/en\/datenschutz\/","title":{"rendered":"Data Protection"},"content":{"rendered":"<div data-elementor-type=\"wp-page\" data-elementor-id=\"486\" class=\"elementor elementor-486\" data-elementor-post-type=\"page\">\n\t\t\t\t<div class=\"elementor-element elementor-element-56dfa46 e-flex e-con-boxed e-con e-parent\" data-id=\"56dfa46\" data-element_type=\"container\">\n\t\t\t\t\t<div class=\"e-con-inner\">\n\t\t\t\t<div class=\"elementor-element elementor-element-d1d51e7 elementor-widget elementor-widget-heading\" data-id=\"d1d51e7\" data-element_type=\"widget\" data-widget_type=\"heading.default\">\n\t\t\t\t\t<h2 class=\"elementor-heading-title elementor-size-default\">Privacy policy<\/h2>\t\t\t\t<\/div>\n\t\t\t\t<div class=\"elementor-element elementor-element-dd67a8c elementor-widget__width-initial elementor-widget-mobile__width-inherit elementor-widget elementor-widget-text-editor\" data-id=\"dd67a8c\" data-element_type=\"widget\" data-widget_type=\"text-editor.default\">\n\t\t\t\t\t\t\t\t\t<h2>1. Data protection at a glance<\/h2>\n<h3>General information<\/h3>\nThe following information provides a simple overview of what happens to your personal data when you visit this website. Personal data is any data that can be used to identify you personally. For detailed information on the subject of data protection, please refer to our privacy policy listed below this text.\n<h3>Data collection on this website<\/h3>\n<h4>Who is responsible for data collection on this website?<\/h4>\nData processing on this website is carried out by the website operator. Their contact details can be found in the section \"Information on the responsible body\" in this privacy policy.\n<h4>How do we collect your data?<\/h4>\nYour data is collected when you provide it to us. This may include, for example, data that you enter in a contact form.\n\nOther data is collected automatically or with your consent when you visit the website by our IT systems. This is primarily technical data (e.g. internet browser, operating system or time of page view). This data is collected automatically as soon as you enter this website.\n<h4>What do we use your data for?<\/h4>\nSome of the data is collected to ensure that the website functions correctly. Other data may be used to analyse your user behaviour. If contracts can be concluded or initiated via the website, the transmitted data will also be processed for contract offers, orders or other order enquiries.\n<h4>What rights do you have regarding your data?<\/h4>\nYou have the right to obtain information about the origin, recipient and purpose of your stored personal data at any time and free of charge. You also have the right to request the correction or deletion of this data. If you have given your consent to data processing, you can revoke this consent at any time for the future. You also have the right to request the restriction of the processing of your personal data under certain circumstances. Furthermore, you have the right to lodge a complaint with the competent supervisory authority.\n\nYou can contact us at any time if you have any further questions on this subject or on the subject of data protection.\n<h3>Analytics tools and third-party tools<\/h3>\nWhen you visit this website, your surfing behaviour may be statistically evaluated. This is mainly done using so-called analysis programmes.\n\nDetailed information about these analysis programmes can be found in the following privacy policy.\n<h2>2. Hosting<\/h2>\nWe host the content of our website with the following provider:\n<h3>Externes Hosting<\/h3>\nThis website is hosted externally. The personal data collected on this website is stored on the servers of the host\/hosts. This may include IP addresses, contact requests, meta and communication data, contract data, contact details, names, website accesses and other data generated via a website.\n\nExternal hosting is carried out for the purpose of fulfilling contracts with our potential and existing customers (Art. 6(1)(b) GDPR) and in the interest of secure, fast and efficient provision of our online services by a professional provider (Art. 6(1)(f) GDPR). If consent has been requested, processing is carried out exclusively on the basis of Art. 6 (1) lit. a GDPR and \u00a7 25 (1) TDDDG, insofar as the consent includes the storage of cookies or access to information on the user's terminal device (e.g. device fingerprinting) within the meaning of the TDDDG. Consent can be revoked at any time.\n\nOur host(s) will only process your data to the extent necessary to fulfil their service obligations and will follow our instructions regarding this data.\n\nWe use the following host(s):\n\nHOSTINGER operations, UAB\n\u0160vitrigailos str. 34, Vilnius 03230 Lithuania\nPhone: +37064503378\nEmail: domains@hostinger.com\n<h4>Order processing<\/h4>\nWe have concluded a contract for order processing (AVV) for the use of the above-mentioned service. This is a contract required by data protection law, which ensures that the personal data of our website visitors is only processed in accordance with our instructions and in compliance with the GDPR.\n<h2>3. General information and mandatory information<\/h2>\n<h3>Data Protection<\/h3>\nThe operators of these pages take the protection of your personal data very seriously. We treat your personal data confidentially and in accordance with the statutory data protection regulations and this privacy policy.\n\nWhen you use this website, various personal data is collected. Personal data is data with which you can be personally identified. This privacy policy explains what data we collect and what we use it for. It also explains how and for what purpose this is done.\n\nWe would like to point out that data transmission over the Internet (e.g. when communicating by e-mail) can have security gaps. Complete protection of data against access by third parties is not possible.\n<h3>Note on the responsible body<\/h3>\nThe responsible body for data processing on this website is:\n\nAustrian Emirates\nConsulting Limited Liability Company\nMeydan Grandstand, 6th floor, Meydan Road, Nad Al\nSheba, Dubai, U.A.E.\nLicence No: 2534262.01 Tax Registration No: 105096212300001\nSonja Himmer\n\nTelephone: +43 664 4533215\nEmail: sonja.himmer@austrianemirates-consulting.com\n\nThe responsible body is the natural or legal person who, alone or jointly with others, decides on the purposes and means of processing personal data (e.g. names, email addresses, etc.).\n<h3>Storage period<\/h3>\nUnless a more specific storage period is specified in this privacy policy, your personal data will remain with us until the purpose for data processing no longer applies. If you assert a legitimate request for deletion or revoke your consent to data processing, your data will be deleted unless we have other legally permissible reasons for storing your personal data (e.g. tax or commercial law retention periods); in the latter case, deletion will take place once these reasons no longer apply.\n<h3>General information on the legal basis for data processing on this website<\/h3>\nIf you have consented to data processing, we process your personal data on the basis of Art. 6(1)(a) GDPR or Art. 9(2)(a) GDPR, if special categories of data are processed in accordance with Art. 9(1) GDPR. In the event of express consent to the transfer of personal data to third countries, data processing is also carried out on the basis of Art. 49(1)(a) GDPR. If you have consented to the storage of cookies or access to information on your end device (e.g. via device fingerprinting), data processing is also carried out on the basis of Section 25(1) TDDDG. Consent can be revoked at any time. If your data is necessary for the performance of a contract or for the implementation of pre-contractual measures, we process your data on the basis of Art. 6 (1) lit. b GDPR. Furthermore, we process your data if it is necessary to fulfil a legal obligation on the basis of Art. 6 (1) lit. c GDPR. Data processing may also be carried out on the basis of our legitimate interest pursuant to Art. 6 para. 1 lit. f GDPR. The relevant legal basis in each individual case is explained in the following paragraphs of this privacy policy.\n<h3>Recipients of personal data<\/h3>\nAs part of our business activities, we work with various external parties. In some cases, this requires the transfer of personal data to these external parties. We only pass on personal data to external parties if this is necessary for the fulfilment of a contract, if we are legally obliged to do so (e.g. transfer of data to tax authorities), if we have a legitimate interest in the transfer pursuant to Art. 6 (1) lit. f GDPR, or if another legal basis permits the transfer of data. When using processors, we only transfer our customers' personal data on the basis of a valid contract for data processing. In the case of joint processing, a contract for joint processing is concluded.\n<h3>Withdrawal of your consent to data processing<\/h3>\nMany data processing operations are only possible with your express consent. You may revoke any consent you have already given at any time. The legality of the data processing carried out until the revocation remains unaffected by the revocation.\n<h3>Right to object to data collection in specific cases and to direct marketing (Art. 21 GDPR)<\/h3>\nIF DATA PROCESSING IS BASED ON ART. 6(1)(a) OR (f) GDPR, YOU HAVE THE RIGHT TO OBJECT TO THE PROCESSING OF YOUR PERSONAL DATA AT ANY TIME FOR REASONS ARISING FROM YOUR PARTICULAR SITUATION. E OR F OF THE GDPR, YOU HAVE THE RIGHT TO OBJECT TO THE PROCESSING OF YOUR PERSONAL DATA AT ANY TIME FOR REASONS ARISING FROM YOUR PARTICULAR SITUATION; THIS ALSO APPLIES TO PROFILING BASED ON THESE PROVISIONS. THE RESPECTIVE LEGAL BASIS ON WHICH PROCESSING IS BASED CAN BE FOUND IN THIS DATA PROTECTION DECLARATION. IF YOU OBJECT, WE WILL NO LONGER PROCESS YOUR PERSONAL DATA, UNLESS WE CAN PROVE THAT THERE ARE COMPELLING LEGITIMATE GROUNDS FOR THE PROCESSING THAT OVERRIDE YOUR INTERESTS, RIGHTS AND FREEDOMS, OR THE PROCESSING SERVES TO ASSERT, EXERCISE OR DEFENCE OF LEGAL CLAIMS (OBJECTION PURSUANT TO ART. 21(1) GDPR).\n\nIF YOUR PERSONAL DATA IS PROCESSED FOR DIRECT MARKETING PURPOSES, YOU HAVE THE RIGHT TO OBJECT AT ANY TIME TO THE PROCESSING OF PERSONAL DATA CONCERNING YOU FOR SUCH MARKETING PURPOSES; THIS ALSO APPLIES TO PROFILING, INSOFAR AS IT IS RELATED TO SUCH DIRECT MARKETING. IF YOU OBJECT, YOUR PERSONAL DATA WILL NO LONGER BE USED FOR DIRECT MARKETING PURPOSES (OBJECTION PURSUANT TO ART. 21(2) GDPR).\n<h3>Right of appeal to the competent supervisory authority<\/h3>\nIn the event of violations of the GDPR, data subjects have the right to lodge a complaint with a supervisory authority, in particular in the Member State of their habitual residence, place of work or place of the alleged violation. The right to lodge a complaint exists without prejudice to other administrative or judicial remedies.\n<h3>Right to data portability<\/h3>\nYou have the right to have data that we process automatically on the basis of your consent or in fulfilment of a contract handed over to you or to a third party in a common, machine-readable format. If you request the direct transfer of the data to another controller, this will only be done if it is technically feasible.\n<h3>Information, correction and deletion<\/h3>\nWithin the framework of the applicable legal provisions, you have the right to obtain information free of charge at any time about your stored personal data, its origin and recipients, and the purpose of data processing, and, if applicable, a right to correct or delete this data. You can contact us at any time with any questions you may have on this subject or on the subject of personal data.\n<h3>Right to restriction of processing<\/h3>\nSie haben das Recht, die Einschr\u00e4nkung der Verarbeitung Ihrer personenbezogenen Daten zu verlangen. Hierzu k\u00f6nnen Sie sich jederzeit an uns wenden. Das Recht auf Einschr\u00e4nkung der Verarbeitung besteht in folgenden F\u00e4llen:\n<ul>\n \t<li>Wenn Sie die Richtigkeit Ihrer bei uns gespeicherten personenbezogenen Daten bestreiten, ben\u00f6tigen wir in der Regel Zeit, um dies zu \u00fcberpr\u00fcfen. F\u00fcr die Dauer der Pr\u00fcfung haben Sie das Recht, die Einschr\u00e4nkung der Verarbeitung Ihrer personenbezogenen Daten zu verlangen.<\/li>\n \t<li>Wenn die Verarbeitung Ihrer personenbezogenen Daten unrechtm\u00e4\u00dfig geschah\/geschieht, k\u00f6nnen Sie statt der L\u00f6schung die Einschr\u00e4nkung der Datenverarbeitung verlangen.<\/li>\n \t<li>Wenn wir Ihre personenbezogenen Daten nicht mehr ben\u00f6tigen, Sie sie jedoch zur Aus\u00fcbung, Verteidigung oder Geltendmachung von Rechtsanspr\u00fcchen ben\u00f6tigen, haben Sie das Recht, statt der L\u00f6schung die Einschr\u00e4nkung der Verarbeitung Ihrer personenbezogenen Daten zu verlangen.<\/li>\n \t<li>Wenn Sie einen Widerspruch nach Art. 21 Abs. 1 DSGVO eingelegt haben, muss eine Abw\u00e4gung zwischen Ihren und unseren Interessen vorgenommen werden. Solange noch nicht feststeht, wessen Interessen \u00fcberwiegen, haben Sie das Recht, die Einschr\u00e4nkung der Verarbeitung Ihrer personenbezogenen Daten zu verlangen.<\/li>\n<\/ul>\nWenn Sie die Verarbeitung Ihrer personenbezogenen Daten eingeschr\u00e4nkt haben, d\u00fcrfen diese Daten \u2013 von ihrer Speicherung abgesehen \u2013 nur mit Ihrer Einwilligung oder zur Geltendmachung, Aus\u00fcbung oder Verteidigung von Rechtsanspr\u00fcchen oder zum Schutz der Rechte einer anderen nat\u00fcrlichen oder juristischen Person oder aus Gr\u00fcnden eines wichtigen \u00f6ffentlichen Interesses der Europ\u00e4ischen Union oder eines Mitgliedstaats verarbeitet werden.\n<h3>SSL- bzw. TLS-Verschl\u00fcsselung<\/h3>\nDiese Seite nutzt aus Sicherheitsgr\u00fcnden und zum Schutz der \u00dcbertragung vertraulicher Inhalte, wie zum Beispiel Bestellungen oder Anfragen, die Sie an uns als Seitenbetreiber senden, eine SSL- bzw. TLS-Verschl\u00fcsselung. Eine verschl\u00fcsselte Verbindung erkennen Sie daran, dass die Adresszeile des Browsers von \u201ehttp:\/\/\u201c auf \u201ehttps:\/\/\u201c wechselt und an dem Schloss-Symbol in Ihrer Browserzeile.\n\nWenn die SSL- bzw. TLS-Verschl\u00fcsselung aktiviert ist, k\u00f6nnen die Daten, die Sie an uns \u00fcbermitteln, nicht von Dritten mitgelesen werden.\n<h2>4. Datenerfassung auf dieser Website<\/h2>\n<h3>Cookies<\/h3>\nUnsere Internetseiten verwenden so genannte \u201eCookies\u201c. Cookies sind kleine Datenpakete und richten auf Ihrem Endger\u00e4t keinen Schaden an. Sie werden entweder vor\u00fcbergehend f\u00fcr die Dauer einer Sitzung (Session-Cookies) oder dauerhaft (permanente Cookies) auf Ihrem Endger\u00e4t gespeichert. Session-Cookies werden nach Ende Ihres Besuchs automatisch gel\u00f6scht. Permanente Cookies bleiben auf Ihrem Endger\u00e4t gespeichert, bis Sie diese selbst l\u00f6schen oder eine automatische L\u00f6schung durch Ihren Webbrowser erfolgt.\n\nCookies k\u00f6nnen von uns (First-Party-Cookies) oder von Drittunternehmen stammen (sog. Third-Party-Cookies). Third-Party-Cookies erm\u00f6glichen die Einbindung bestimmter Dienstleistungen von Drittunternehmen innerhalb von Webseiten (z.\u00a0B. Cookies zur Abwicklung von Zahlungsdienstleistungen).\n\nCookies haben verschiedene Funktionen. Zahlreiche Cookies sind technisch notwendig, da bestimmte Webseitenfunktionen ohne diese nicht funktionieren w\u00fcrden (z.\u00a0B. die Warenkorbfunktion oder die Anzeige von Videos). Andere Cookies k\u00f6nnen zur Auswertung des Nutzerverhaltens oder zu Werbezwecken verwendet werden.\n\nCookies, die zur Durchf\u00fchrung des elektronischen Kommunikationsvorgangs, zur Bereitstellung bestimmter, von Ihnen erw\u00fcnschter Funktionen (z.\u00a0B. f\u00fcr die Warenkorbfunktion) oder zur Optimierung der Website (z.\u00a0B. Cookies zur Messung des Webpublikums) erforderlich sind (notwendige Cookies), werden auf Grundlage von Art. 6 Abs. 1 lit. f DSGVO gespeichert, sofern keine andere Rechtsgrundlage angegeben wird. Der Websitebetreiber hat ein berechtigtes Interesse an der Speicherung von notwendigen Cookies zur technisch fehlerfreien und optimierten Bereitstellung seiner Dienste. Sofern eine Einwilligung zur Speicherung von Cookies und vergleichbaren Wiedererkennungstechnologien abgefragt wurde, erfolgt die Verarbeitung ausschlie\u00dflich auf Grundlage dieser Einwilligung (Art. 6 Abs. 1 lit. a DSGVO und \u00a7 25 Abs. 1 TDDDG); die Einwilligung ist jederzeit widerrufbar.\n\nSie k\u00f6nnen Ihren Browser so einstellen, dass Sie \u00fcber das Setzen von Cookies informiert werden und Cookies nur im Einzelfall erlauben, die Annahme von Cookies f\u00fcr bestimmte F\u00e4lle oder generell ausschlie\u00dfen sowie das automatische L\u00f6schen der Cookies beim Schlie\u00dfen des Browsers aktivieren. Bei der Deaktivierung von Cookies kann die Funktionalit\u00e4t dieser Website eingeschr\u00e4nkt sein.\n\nWelche Cookies und Dienste auf dieser Website eingesetzt werden, k\u00f6nnen Sie dieser Datenschutzerkl\u00e4rung entnehmen.\n<h3>Server-Log-Dateien<\/h3>\nDer Provider der Seiten erhebt und speichert automatisch Informationen in so genannten Server-Log-Dateien, die Ihr Browser automatisch an uns \u00fcbermittelt. Dies sind:\n<ul>\n \t<li>Browsertyp und Browserversion<\/li>\n \t<li>verwendetes Betriebssystem<\/li>\n \t<li>Referrer URL<\/li>\n \t<li>Hostname des zugreifenden Rechners<\/li>\n \t<li>Uhrzeit der Serveranfrage<\/li>\n \t<li>IP-Adresse<\/li>\n<\/ul>\nEine Zusammenf\u00fchrung dieser Daten mit anderen Datenquellen wird nicht vorgenommen.\n\nDie Erfassung dieser Daten erfolgt auf Grundlage von Art. 6 Abs. 1 lit. f DSGVO. Der Websitebetreiber hat ein berechtigtes Interesse an der technisch fehlerfreien Darstellung und der Optimierung seiner Website \u2013 hierzu m\u00fcssen die Server-Log-Files erfasst werden.\n<h3>Anfrage per E-Mail, Telefon oder Telefax<\/h3>\nWenn Sie uns per E-Mail, Telefon oder Telefax kontaktieren, wird Ihre Anfrage inklusive aller daraus hervorgehenden personenbezogenen Daten (Name, Anfrage) zum Zwecke der Bearbeitung Ihres Anliegens bei uns gespeichert und verarbeitet. Diese Daten geben wir nicht ohne Ihre Einwilligung weiter.\n\nDie Verarbeitung dieser Daten erfolgt auf Grundlage von Art. 6 Abs. 1 lit. b DSGVO, sofern Ihre Anfrage mit der Erf\u00fcllung eines Vertrags zusammenh\u00e4ngt oder zur Durchf\u00fchrung vorvertraglicher Ma\u00dfnahmen erforderlich ist. In allen \u00fcbrigen F\u00e4llen beruht die Verarbeitung auf unserem berechtigten Interesse an der effektiven Bearbeitung der an uns gerichteten Anfragen (Art. 6 Abs. 1 lit. f DSGVO) oder auf Ihrer Einwilligung (Art. 6 Abs. 1 lit. a DSGVO) sofern diese abgefragt wurde; die Einwilligung ist jederzeit widerrufbar.\n\nDie von Ihnen an uns per Kontaktanfragen \u00fcbersandten Daten verbleiben bei uns, bis Sie uns zur L\u00f6schung auffordern, Ihre Einwilligung zur Speicherung widerrufen oder der Zweck f\u00fcr die Datenspeicherung entf\u00e4llt (z.\u00a0B. nach abgeschlossener Bearbeitung Ihres Anliegens). Zwingende gesetzliche Bestimmungen \u2013 insbesondere gesetzliche Aufbewahrungsfristen \u2013 bleiben unber\u00fchrt.\n<h2>5. Analyse-Tools und Werbung<\/h2>\n<h3>Fathom Analytics<\/h3>\nWir haben Fathom Analytics auf dieser Website eingebunden. Anbieter ist die Conva Ventures Inc., BOX 37058 Millstream PO Victoria, British Columbia V9B 0E8, Canada.\n\nMit Fathom Analytics k\u00f6nnen wir das Verhalten unserer Websitebesucher analysieren. Zu diesem Zweck wird die IP-Adresse und der Useragent nach der Erfassung durch die Erstellung eines individuellen Hashs unverz\u00fcglich anonymisiert. Der Hashwert wird bei Hetzner in Deutschland f\u00fcr 48 Stunden gespeichert. Der Hash kann nicht wieder dekodiert werden. Fathom Analytics verwendet keine Cookies, und keine Daten durch die der Besucher getrackt oder geloggt werden kann.\n\nNach Aussage von Fathom Analytics verbleiben alle in der EU erfassten Daten auf EU-Servern.\n\nDie Verwendung von Fathom Analytics erfolgt auf Grundlage von Art. 6 Abs. 1 lit. f DSGVO. Der Websitebetreiber hat ein berechtigtes Interesse an der anonymisierten Analyse des Nutzerverhaltens und um sein Webangebot zu optimieren. Sofern eine entsprechende Einwilligung abgefragt wurde, erfolgt die Verarbeitung ausschlie\u00dflich auf Grundlage von Art. 6 Abs. 1 lit. a DSGVO und \u00a7 25 Abs. 1 TDDDG, soweit die Einwilligung die Speicherung von Cookies oder den Zugriff auf Informationen im Endger\u00e4t des Nutzers (z.\u00a0B. Device-Fingerprinting) im Sinne des TDDDG umfasst. Die Einwilligung ist jederzeit widerrufbar.\n<h4>Order processing<\/h4>\nWe have concluded a contract for order processing (AVV) for the use of the above-mentioned service. This is a contract required by data protection law, which ensures that the personal data of our website visitors is only processed in accordance with our instructions and in compliance with the GDPR.\n<h2>6. Plugins und Tools<\/h2>\n<h3>Google Fonts (lokales Hosting)<\/h3>\nDiese Seite nutzt zur einheitlichen Darstellung von Schriftarten so genannte Google Fonts, die von Google bereitgestellt werden. Die Google Fonts sind lokal installiert. Eine Verbindung zu Servern von Google findet dabei nicht statt.\n\nWeitere Informationen zu Google Fonts finden Sie unter <a href=\"https:\/\/developers.google.com\/fonts\/faq\" target=\"_blank\" rel=\"noopener noreferrer\">https:\/\/developers.google.com\/fonts\/faq<\/a> und in der Datenschutzerkl\u00e4rung von Google: <a href=\"https:\/\/policies.google.com\/privacy?hl=de\" target=\"_blank\" rel=\"noopener noreferrer\">https:\/\/policies.google.com\/privacy?hl=de<\/a>.\n<h3>Adobe Fonts<\/h3>\nDiese Website nutzt zur einheitlichen Darstellung bestimmter Schriftarten Web Fonts von Adobe. Anbieter ist die Adobe Systems Incorporated, 345 Park Avenue, San Jose, CA 95110-2704, USA (Adobe).\n\nBeim Aufruf dieser Website l\u00e4dt Ihr Browser die ben\u00f6tigten Schriftarten direkt von Adobe, um sie Ihrem Endger\u00e4t korrekt anzeigen zu k\u00f6nnen. Dabei stellt Ihr Browser eine Verbindung zu den Servern von Adobe in den USA her. Hierdurch erlangt Adobe Kenntnis dar\u00fcber, dass \u00fcber Ihre IP-Adresse diese Website aufgerufen wurde. Bei der Bereitstellung der Schriftarten werden nach Aussage von Adobe keine Cookies gespeichert.\n\nDie Speicherung und Analyse der Daten erfolgt auf Grundlage von Art. 6 Abs. 1 lit. f DSGVO. Der Websitebetreiber hat ein berechtigtes Interesse an der einheitlichen Darstellung des Schriftbildes auf seiner Website. Sofern eine entsprechende Einwilligung abgefragt wurde, erfolgt die Verarbeitung ausschlie\u00dflich auf Grundlage von Art. 6 Abs. 1 lit. a DSGVO und \u00a7 25 Abs. 1 TDDDG, soweit die Einwilligung die Speicherung von Cookies oder den Zugriff auf Informationen im Endger\u00e4t des Nutzers (z.\u00a0B. Device-Fingerprinting) im Sinne des TDDDG umfasst. Die Einwilligung ist jederzeit widerrufbar.\n\nDie Daten\u00fcbertragung in die USA wird auf die Standardvertragsklauseln der EU-Kommission gest\u00fctzt. Details finden Sie hier: <a href=\"https:\/\/www.adobe.com\/de\/privacy\/eudatatransfers.html\" target=\"_blank\" rel=\"noopener noreferrer\">https:\/\/www.adobe.com\/de\/privacy\/eudatatransfers.html<\/a>.\n\nN\u00e4here Informationen zu Adobe Fonts erhalten Sie unter: <a href=\"https:\/\/www.adobe.com\/de\/privacy\/policies\/adobe-fonts.html\" target=\"_blank\" rel=\"noopener noreferrer\">https:\/\/www.adobe.com\/de\/privacy\/policies\/adobe-fonts.html<\/a>.\n\nDie Datenschutzerkl\u00e4rung von Adobe finden Sie unter: <a href=\"https:\/\/www.adobe.com\/de\/privacy\/policy.html\" target=\"_blank\" rel=\"noopener noreferrer\">https:\/\/www.adobe.com\/de\/privacy\/policy.html<\/a>\n\nDas Unternehmen verf\u00fcgt \u00fcber eine Zertifizierung nach dem \u201eEU-US Data Privacy Framework\u201c (DPF). Der DPF ist ein \u00dcbereinkommen zwischen der Europ\u00e4ischen Union und den USA, der die Einhaltung europ\u00e4ischer Datenschutzstandards bei Datenverarbeitungen in den USA gew\u00e4hrleisten soll. Jedes nach dem DPF zertifizierte Unternehmen verpflichtet sich, diese Datenschutzstandards einzuhalten. Weitere Informationen hierzu erhalten Sie vom Anbieter unter folgendem Link: <a href=\"https:\/\/www.dataprivacyframework.gov\/participant\/5660\" target=\"_blank\" rel=\"noopener noreferrer\">https:\/\/www.dataprivacyframework.gov\/participant\/5660<\/a>.\t\t\t\t\t\t\t\t<\/div>\n\t\t\t\t\t<\/div>\n\t\t\t\t<\/div>\n\t\t\t\t<\/div>","protected":false},"excerpt":{"rendered":"<p>Datenschutz\u00aderkl\u00e4rung 1. Datenschutz auf einen Blick Allgemeine Hinweise Die folgenden Hinweise geben einen einfachen \u00dcberblick dar\u00fcber, was mit Ihren personenbezogenen Daten passiert, wenn Sie diese Website besuchen. Personenbezogene Daten sind alle Daten, mit denen Sie pers\u00f6nlich identifiziert werden k\u00f6nnen. Ausf\u00fchrliche Informationen zum Thema Datenschutz entnehmen Sie unserer unter diesem Text aufgef\u00fchrten Datenschutzerkl\u00e4rung. Datenerfassung auf dieser [&hellip;]<\/p>","protected":false},"author":1,"featured_media":0,"parent":0,"menu_order":0,"comment_status":"closed","ping_status":"closed","template":"","meta":{"footnotes":""},"class_list":["post-486","page","type-page","status-publish","hentry"],"_links":{"self":[{"href":"https:\/\/austrianemirates-consulting.com\/en\/wp-json\/wp\/v2\/pages\/486","targetHints":{"allow":["GET"]}}],"collection":[{"href":"https:\/\/austrianemirates-consulting.com\/en\/wp-json\/wp\/v2\/pages"}],"about":[{"href":"https:\/\/austrianemirates-consulting.com\/en\/wp-json\/wp\/v2\/types\/page"}],"author":[{"embeddable":true,"href":"https:\/\/austrianemirates-consulting.com\/en\/wp-json\/wp\/v2\/users\/1"}],"replies":[{"embeddable":true,"href":"https:\/\/austrianemirates-consulting.com\/en\/wp-json\/wp\/v2\/comments?post=486"}],"version-history":[{"count":37,"href":"https:\/\/austrianemirates-consulting.com\/en\/wp-json\/wp\/v2\/pages\/486\/revisions"}],"predecessor-version":[{"id":617,"href":"https:\/\/austrianemirates-consulting.com\/en\/wp-json\/wp\/v2\/pages\/486\/revisions\/617"}],"wp:attachment":[{"href":"https:\/\/austrianemirates-consulting.com\/en\/wp-json\/wp\/v2\/media?parent=486"}],"curies":[{"name":"wp","href":"https:\/\/api.w.org\/{rel}","templated":true}]}}